{"id":6053,"date":"2024-07-17T20:19:55","date_gmt":"2024-07-17T19:19:55","guid":{"rendered":"https:\/\/salama2.moncaisse.com\/?post_type=product&#038;p=6053"},"modified":"2024-07-17T20:19:55","modified_gmt":"2024-07-17T19:19:55","slug":"cafe-separee","status":"publish","type":"product","link":"https:\/\/salama2.moncaisse.com\/?product=cafe-separee","title":{"rendered":"Caf\u00e9 s\u00e9par\u00e9\u00e9"},"content":{"rendered":"","protected":false},"excerpt":{"rendered":"","protected":false},"featured_media":6386,"template":"","meta":[],"product_cat":[36],"product_tag":[],"_links":{"self":[{"href":"https:\/\/salama2.moncaisse.com\/index.php?rest_route=\/wp\/v2\/product\/6053"}],"collection":[{"href":"https:\/\/salama2.moncaisse.com\/index.php?rest_route=\/wp\/v2\/product"}],"about":[{"href":"https:\/\/salama2.moncaisse.com\/index.php?rest_route=\/wp\/v2\/types\/product"}],"wp:featuredmedia":[{"embeddable":true,"href":"https:\/\/salama2.moncaisse.com\/index.php?rest_route=\/wp\/v2\/media\/6386"}],"wp:attachment":[{"href":"https:\/\/salama2.moncaisse.com\/index.php?rest_route=%2Fwp%2Fv2%2Fmedia&parent=6053"}],"wp:term":[{"taxonomy":"product_cat","embeddable":true,"href":"https:\/\/salama2.moncaisse.com\/index.php?rest_route=%2Fwp%2Fv2%2Fproduct_cat&post=6053"},{"taxonomy":"product_tag","embeddable":true,"href":"https:\/\/salama2.moncaisse.com\/index.php?rest_route=%2Fwp%2Fv2%2Fproduct_tag&post=6053"}],"curies":[{"name":"wp","href":"https:\/\/api.w.org\/{rel}","templated":true}]}}